{"id":878,"date":"2023-11-27T08:51:28","date_gmt":"2023-11-27T08:51:28","guid":{"rendered":"https:\/\/rossykapell.com\/?page_id=878"},"modified":"2023-11-27T09:48:09","modified_gmt":"2023-11-27T09:48:09","slug":"contact","status":"publish","type":"page","link":"https:\/\/rossykapell.com\/?page_id=878&lang=en","title":{"rendered":"Contact &#8211; Engelska"},"content":{"rendered":"\n[et_pb_section fb_built=&#8221;1&#8243; disabled_on=&#8221;on|off|off&#8221; admin_label=&#8221;Header&#8221; _builder_version=&#8221;4.20.1&#8243; _module_preset=&#8221;default&#8221; background_color=&#8221;#0D0C23&#8243; background_image=&#8221;https:\/\/ny.rossykapell.com\/wp-content\/uploads\/2023\/03\/Alteration-shop-6.png&#8221; background_size=&#8221;custom&#8221; background_image_width=&#8221;24%&#8221; background_position=&#8221;bottom_left&#8221; background_horizontal_offset=&#8221;-5vw&#8221; background_vertical_offset=&#8221;-10vw&#8221; custom_padding=&#8221;22px||22px||true|false&#8221; collapsed=&#8221;on&#8221; global_colors_info=&#8221;{}&#8221;][et_pb_row column_structure=&#8221;1_4,3_4&#8243; _builder_version=&#8221;4.20.1&#8243; _module_preset=&#8221;default&#8221; custom_margin=&#8221;0px||0px||false|false&#8221; custom_padding=&#8221;0px||0px||false|false&#8221; global_colors_info=&#8221;{}&#8221;][et_pb_column type=&#8221;1_4&#8243; _builder_version=&#8221;4.20.1&#8243; _module_preset=&#8221;default&#8221; global_colors_info=&#8221;{}&#8221;][et_pb_text _builder_version=&#8221;4.20.1&#8243; _module_preset=&#8221;076f1ca4-6191-4dc5-a814-87cf5889c888&#8243; header_text_color=&#8221;#FFFFFF&#8221; custom_padding=&#8221;70px|||||&#8221; global_colors_info=&#8221;{}&#8221;]<h1>Callus!<\/h1>[\/et_pb_text][et_pb_button button_text=&#8221;+46 (0) 523 32875&#8243; _builder_version=&#8221;4.20.1&#8243; _module_preset=&#8221;ea5315bd-7fa5-4add-a699-bdf917f688c6&#8243; custom_margin=&#8221;10px||30px||false|false&#8221;][\/et_pb_button][\/et_pb_column][et_pb_column type=&#8221;3_4&#8243; _builder_version=&#8221;4.20.1&#8243; _module_preset=&#8221;default&#8221; global_colors_info=&#8221;{}&#8221;][et_pb_video src=&#8221;https:\/\/rossykapell.com\/wp-content\/uploads\/2023\/03\/Valkomna-in-till-Rossy-Kapell_facebook.mp4&#8243; disabled_on=&#8221;on|off|off&#8221; _builder_version=&#8221;4.20.2&#8243; _module_preset=&#8221;default&#8221; width=&#8221;100%&#8221; custom_margin=&#8221;||15px|||&#8221; custom_padding=&#8221;17px||||false|false&#8221; global_colors_info=&#8221;{}&#8221;][\/et_pb_video][\/et_pb_column][\/et_pb_row][\/et_pb_section][et_pb_section fb_built=&#8221;1&#8243; disabled_on=&#8221;off|on|on&#8221; _builder_version=&#8221;4.20.1&#8243; _module_preset=&#8221;default&#8221; background_color=&#8221;#0D0C23&#8243; custom_margin_tablet=&#8221;&#8221; custom_margin_phone=&#8221;0px|0px|0px|0px|false|false&#8221; custom_margin_last_edited=&#8221;on|phone&#8221; custom_padding=&#8221;0px|0px|0px|0px|false|false&#8221; global_colors_info=&#8221;{}&#8221;][et_pb_row _builder_version=&#8221;4.20.1&#8243; _module_preset=&#8221;default&#8221; custom_padding=&#8221;||0px|||&#8221; global_colors_info=&#8221;{}&#8221;][et_pb_column type=&#8221;4_4&#8243; _builder_version=&#8221;4.20.1&#8243; _module_preset=&#8221;default&#8221; global_colors_info=&#8221;{}&#8221;][et_pb_text _builder_version=&#8221;4.20.1&#8243; _module_preset=&#8221;076f1ca4-6191-4dc5-a814-87cf5889c888&#8243; header_text_color=&#8221;#FFFFFF&#8221; custom_margin=&#8221;||-4px|||&#8221; custom_padding=&#8221;5px|||||&#8221; global_colors_info=&#8221;{}&#8221;]<h1>Call us!<\/h1>[\/et_pb_text][et_pb_button button_text=&#8221;+46 (0) 523 32875&#8243; _builder_version=&#8221;4.20.1&#8243; _module_preset=&#8221;ea5315bd-7fa5-4add-a699-bdf917f688c6&#8243; custom_margin=&#8221;10px||11px||false|false&#8221;][\/et_pb_button][et_pb_gallery gallery_ids=&#8221;235,236,237,239,240,238&#8243; fullwidth=&#8221;on&#8221; disabled_on=&#8221;off|on|on&#8221; _builder_version=&#8221;4.20.1&#8243; _module_preset=&#8221;default&#8221; custom_margin=&#8221;|-47px||-44px||&#8221; global_colors_info=&#8221;{}&#8221;][\/et_pb_gallery][\/et_pb_column][\/et_pb_row][\/et_pb_section][et_pb_section fb_built=&#8221;1&#8243; admin_label=&#8221;Map&#8221; _builder_version=&#8221;4.20.2&#8243; _module_preset=&#8221;default&#8221; background_color=&#8221;#DFDAD6&#8243; min_height_tablet=&#8221;&#8221; min_height_phone=&#8221;&#8221; min_height_last_edited=&#8221;on|phone&#8221; custom_margin=&#8221;-7px||||false|false&#8221; collapsed=&#8221;on&#8221; global_colors_info=&#8221;{}&#8221;][et_pb_row _builder_version=&#8221;4.20.1&#8243; _module_preset=&#8221;default&#8221; min_height=&#8221;288.2px&#8221; custom_margin=&#8221;|auto|-79px|auto||&#8221; custom_padding=&#8221;2px||0px|||&#8221; global_colors_info=&#8221;{}&#8221;][et_pb_column type=&#8221;4_4&#8243; _builder_version=&#8221;4.20.1&#8243; _module_preset=&#8221;default&#8221; global_colors_info=&#8221;{}&#8221;][et_pb_text _builder_version=&#8221;4.20.1&#8243; _module_preset=&#8221;076f1ca4-6191-4dc5-a814-87cf5889c888&#8243; header_text_color=&#8221;#FFFFFF&#8221; header_font_size=&#8221;51px&#8221; global_colors_info=&#8221;{}&#8221;]<h1>You are welcome to get in touch. We can all be reached on the same number or email:<\/h1>[\/et_pb_text][et_pb_text _builder_version=&#8221;4.23.1&#8243; _module_preset=&#8221;default&#8221; header_2_font=&#8221;Playfair Display||||||||&#8221; header_2_font_size=&#8221;22px&#8221; min_height=&#8221;52px&#8221; global_colors_info=&#8221;{}&#8221;]<h2>We are in the office, in the workshop and just about everywhere:<\/h2>[\/et_pb_text][\/et_pb_column][\/et_pb_row][et_pb_row column_structure=&#8221;1_4,1_4,1_4,1_4&#8243; use_custom_gutter=&#8221;on&#8221; gutter_width=&#8221;2&#8243; _builder_version=&#8221;4.20.2&#8243; _module_preset=&#8221;default&#8221; custom_padding=&#8221;0px|||||&#8221; global_colors_info=&#8221;{}&#8221;][et_pb_column type=&#8221;1_4&#8243; _builder_version=&#8221;4.20.1&#8243; _module_preset=&#8221;default&#8221; global_colors_info=&#8221;{}&#8221;][et_pb_image src=&#8221;https:\/\/rossykapell.com\/wp-content\/uploads\/2023\/03\/Johan-Plahn_2.jpg&#8221; title_text=&#8221;Johan Plahn_2&#8243; align=&#8221;center&#8221; _builder_version=&#8221;4.20.2&#8243; _module_preset=&#8221;default&#8221; custom_padding=&#8221;|1px||1px|false|false&#8221; border_radii=&#8221;on|1000px|1000px|1000px|1000px&#8221; global_colors_info=&#8221;{}&#8221;][\/et_pb_image][et_pb_text _builder_version=&#8221;4.20.1&#8243; _module_preset=&#8221;default&#8221; header_3_font=&#8221;Playfair Display||||||||&#8221; header_3_font_size=&#8221;16px&#8221; global_colors_info=&#8221;{}&#8221;]<h3 style=\"text-align: center;\">Johan Plahn<\/h3>\n<p style=\"text-align: center;\">What Johan can&#8217;t fix can&#8217;t be fixed. He is a bit like silver tape, fixes everything and knows most things.<\/p>[\/et_pb_text][\/et_pb_column][et_pb_column type=&#8221;1_4&#8243; _builder_version=&#8221;4.20.1&#8243; _module_preset=&#8221;default&#8221; global_colors_info=&#8221;{}&#8221;][et_pb_image src=&#8221;https:\/\/rossykapell.com\/wp-content\/uploads\/2023\/03\/Martin-Plahn_2.jpg&#8221; title_text=&#8221;Martin Plahn_2&#8243; align=&#8221;center&#8221; _builder_version=&#8221;4.20.2&#8243; _module_preset=&#8221;default&#8221; custom_padding=&#8221;|1px||1px|false|false&#8221; border_radii=&#8221;on|1000px|1000px|1000px|1000px&#8221; global_colors_info=&#8221;{}&#8221;][\/et_pb_image][et_pb_text _builder_version=&#8221;4.23.1&#8243; _module_preset=&#8221;default&#8221; header_3_font=&#8221;Playfair Display||||||||&#8221; header_3_font_size=&#8221;16px&#8221; global_colors_info=&#8221;{}&#8221;]<h3 style=\"text-align: center;\">Martin Plahn<\/h3>\n<p style=\"text-align: center;\">Templates, measurements, cutting and sewing &#8211; Martin knows it all! He will take care of you when you come to us!<\/p>[\/et_pb_text][\/et_pb_column][et_pb_column type=&#8221;1_4&#8243; _builder_version=&#8221;4.20.2&#8243; _module_preset=&#8221;default&#8221; global_colors_info=&#8221;{}&#8221;][et_pb_image src=&#8221;https:\/\/rossykapell.com\/wp-content\/uploads\/2023\/03\/Nisse-Plahn.jpg&#8221; title_text=&#8221;Nisse Plahn&#8221; align=&#8221;center&#8221; _builder_version=&#8221;4.20.2&#8243; _module_preset=&#8221;default&#8221; custom_padding=&#8221;|1px||1px|false|false&#8221; border_radii=&#8221;on|1000px|1000px|1000px|1000px&#8221; global_colors_info=&#8221;{}&#8221;][\/et_pb_image][et_pb_text _builder_version=&#8221;4.20.1&#8243; _module_preset=&#8221;default&#8221; header_3_font=&#8221;Playfair Display||||||||&#8221; header_3_font_size=&#8221;16px&#8221; global_colors_info=&#8221;{}&#8221;]<h3 style=\"text-align: center;\">Nisse Plahn<\/h3>\n<p style=\"text-align: center;\">Knows everything worth knowing about boats and canopies &#8211; and even some more!<\/p>[\/et_pb_text][\/et_pb_column][et_pb_column type=&#8221;1_4&#8243; _builder_version=&#8221;4.20.1&#8243; _module_preset=&#8221;default&#8221; global_colors_info=&#8221;{}&#8221;][et_pb_image src=&#8221;https:\/\/rossykapell.com\/wp-content\/uploads\/2023\/09\/Rossy-Kapell-sept-2023-68-kopia.jpg&#8221; title_text=&#8221;Ro\u0308ssy Kapell sept 2023-68 (kopia)&#8221; align=&#8221;center&#8221; _builder_version=&#8221;4.22.1&#8243; _module_preset=&#8221;default&#8221; custom_padding=&#8221;|1px||1px|false|false&#8221; border_radii=&#8221;on|1000px|1000px|1000px|1000px&#8221; global_colors_info=&#8221;{}&#8221;][\/et_pb_image][et_pb_text _builder_version=&#8221;4.23.1&#8243; _module_preset=&#8221;default&#8221; header_3_font=&#8221;Playfair Display||||||||&#8221; header_3_font_size=&#8221;16px&#8221; global_colors_info=&#8221;{}&#8221;]<h3 style=\"text-align: center;\">Hanna Stranne<\/h3>\n<p style=\"text-align: center;\">Hanna makes sure that invoices are both sent out and paid and that the workshop runs as it should!<\/p>[\/et_pb_text][\/et_pb_column][\/et_pb_row][\/et_pb_section][et_pb_section fb_built=&#8221;1&#8243; admin_label=&#8221;Contact Info&#8221; _builder_version=&#8221;4.19.2&#8243; _module_preset=&#8221;default&#8221; background_color=&#8221;#DFDAD6&#8243; use_background_color_gradient=&#8221;on&#8221; background_color_gradient_stops=&#8221;gcid-ada9702b-8c8e-479e-940a-8705d7519e3c 75%|gcid-bcaadbcc-b437-4ff5-a307-9ccbdfaf81c2 75%&#8221; min_height=&#8221;349.9px&#8221; custom_margin=&#8221;-60px|||||&#8221; locked=&#8221;off&#8221; collapsed=&#8221;on&#8221; global_colors_info=&#8221;{%22gcid-bcaadbcc-b437-4ff5-a307-9ccbdfaf81c2%22:%91%22background_color%22,%22background_color_gradient_stops%22%93,%22gcid-ada9702b-8c8e-479e-940a-8705d7519e3c%22:%91%22background_color_gradient_stops%22%93}&#8221;][et_pb_row column_structure=&#8221;1_3,1_3,1_3&#8243; use_custom_gutter=&#8221;on&#8221; gutter_width=&#8221;1&#8243; make_equal=&#8221;on&#8221; _builder_version=&#8221;4.19.5&#8243; _module_preset=&#8221;default&#8221; custom_padding=&#8221;0px||0px||true|false&#8221; border_width_all=&#8221;1px&#8221; border_color_all=&#8221;#907142&#8243; locked=&#8221;off&#8221; global_colors_info=&#8221;{}&#8221;][et_pb_column type=&#8221;1_3&#8243; _builder_version=&#8221;4.19.5&#8243; _module_preset=&#8221;default&#8221; background_color=&#8221;gcid-ada9702b-8c8e-479e-940a-8705d7519e3c&#8221; custom_padding=&#8221;60px|60px|60px|60px|true|true&#8221; custom_padding_tablet=&#8221;30px|30px|30px|30px|true|true&#8221; custom_padding_phone=&#8221;20px|20px|20px|20px|true|true&#8221; custom_padding_last_edited=&#8221;on|desktop&#8221; global_colors_info=&#8221;{%22gcid-ada9702b-8c8e-479e-940a-8705d7519e3c%22:%91%22background_color%22%93}&#8221;][et_pb_image src=&#8221;https:\/\/rossykapell.com\/wp-content\/uploads\/2023\/03\/Alteration-shop-icon-18.png&#8221; title_text=&#8221;Alteration-shop-icon-18&#8243; align=&#8221;center&#8221; _builder_version=&#8221;4.20.2&#8243; _module_preset=&#8221;default&#8221; custom_margin=&#8221;||30px||false|false&#8221; global_colors_info=&#8221;{}&#8221;][\/et_pb_image][et_pb_text _builder_version=&#8221;4.23.1&#8243; _module_preset=&#8221;6f64b4a2-96dc-46e1-9ad7-e2ea83804eaf&#8221; text_orientation=&#8221;center&#8221; custom_margin=&#8221;||30px||false|false&#8221; global_colors_info=&#8221;{}&#8221;]<h3>Email<\/h3>[\/et_pb_text][et_pb_text _builder_version=&#8221;4.20.2&#8243; _module_preset=&#8221;8ba8d166-2e1c-43ac-90c1-f0bf6977c903&#8243; link_text_color=&#8221;#907142&#8243; text_orientation=&#8221;center&#8221; global_colors_info=&#8221;{}&#8221;]<a href=\"mailto:%20info@rossykapell.com\" target=\"_blank\" rel=\"noopener\">info@rossykapell.com<\/a>[\/et_pb_text][\/et_pb_column][et_pb_column type=&#8221;1_3&#8243; _builder_version=&#8221;4.19.5&#8243; _module_preset=&#8221;default&#8221; background_color=&#8221;gcid-ada9702b-8c8e-479e-940a-8705d7519e3c&#8221; custom_padding=&#8221;60px|60px|60px|60px|true|true&#8221; custom_padding_tablet=&#8221;30px|30px|30px|30px|true|true&#8221; custom_padding_phone=&#8221;20px|20px|20px|20px|true|true&#8221; custom_padding_last_edited=&#8221;on|desktop&#8221; border_color_all=&#8221;#907142&#8243; border_width_right=&#8221;1px&#8221; border_width_left=&#8221;1px&#8221; border_width_top_tablet=&#8221;1px&#8221; border_width_top_phone=&#8221;1px&#8221; border_width_top_last_edited=&#8221;on|tablet&#8221; border_width_right_tablet=&#8221;0px&#8221; border_width_right_phone=&#8221;0px&#8221; border_width_right_last_edited=&#8221;on|tablet&#8221; border_width_bottom_tablet=&#8221;1px&#8221; border_width_bottom_phone=&#8221;1px&#8221; border_width_bottom_last_edited=&#8221;on|tablet&#8221; border_width_left_tablet=&#8221;0px&#8221; border_width_left_phone=&#8221;0px&#8221; border_width_left_last_edited=&#8221;on|tablet&#8221; global_colors_info=&#8221;{%22gcid-ada9702b-8c8e-479e-940a-8705d7519e3c%22:%91%22background_color%22,%22background_color%22%93}&#8221;][et_pb_image src=&#8221;https:\/\/rossykapell.com\/wp-content\/uploads\/2023\/03\/Alteration-shop-icon-18.png&#8221; title_text=&#8221;Alteration-shop-icon-18&#8243; align=&#8221;center&#8221; _builder_version=&#8221;4.20.2&#8243; _module_preset=&#8221;default&#8221; custom_margin=&#8221;||30px||false|false&#8221; global_colors_info=&#8221;{}&#8221;][\/et_pb_image][et_pb_text _builder_version=&#8221;4.23.1&#8243; _module_preset=&#8221;6f64b4a2-96dc-46e1-9ad7-e2ea83804eaf&#8221; text_orientation=&#8221;center&#8221; custom_margin=&#8221;||30px||false|false&#8221; global_colors_info=&#8221;{}&#8221;]<h3>Phone<\/h3>[\/et_pb_text][et_pb_text _builder_version=&#8221;4.20.1&#8243; _module_preset=&#8221;8ba8d166-2e1c-43ac-90c1-f0bf6977c903&#8243; text_orientation=&#8221;center&#8221; global_colors_info=&#8221;{}&#8221;]<p><span>+46 (0) 523-328 75<\/span><\/p>[\/et_pb_text][\/et_pb_column][et_pb_column type=&#8221;1_3&#8243; _builder_version=&#8221;4.19.5&#8243; _module_preset=&#8221;default&#8221; background_color=&#8221;gcid-ada9702b-8c8e-479e-940a-8705d7519e3c&#8221; custom_padding=&#8221;60px|60px|60px|60px|true|true&#8221; custom_padding_tablet=&#8221;30px|30px|30px|30px|true|true&#8221; custom_padding_phone=&#8221;20px|20px|20px|20px|true|true&#8221; custom_padding_last_edited=&#8221;on|desktop&#8221; global_colors_info=&#8221;{%22gcid-ada9702b-8c8e-479e-940a-8705d7519e3c%22:%91%22background_color%22,%22background_color%22%93}&#8221;][et_pb_image src=&#8221;https:\/\/rossykapell.com\/wp-content\/uploads\/2023\/03\/Alteration-shop-icon-20.png&#8221; title_text=&#8221;Alteration-shop-icon-20&#8243; align=&#8221;center&#8221; _builder_version=&#8221;4.20.2&#8243; _module_preset=&#8221;default&#8221; custom_margin=&#8221;||30px||false|false&#8221; global_colors_info=&#8221;{}&#8221;][\/et_pb_image][et_pb_text _builder_version=&#8221;4.20.1&#8243; _module_preset=&#8221;6f64b4a2-96dc-46e1-9ad7-e2ea83804eaf&#8221; text_orientation=&#8221;center&#8221; custom_margin=&#8221;||30px||false|false&#8221; global_colors_info=&#8221;{}&#8221;]<h3>Adress<\/h3>[\/et_pb_text][et_pb_text _builder_version=&#8221;4.20.1&#8243; _module_preset=&#8221;8ba8d166-2e1c-43ac-90c1-f0bf6977c903&#8243; text_orientation=&#8221;center&#8221; global_colors_info=&#8221;{}&#8221;]<p><span>R\u00f6ssy Kapell,<\/span><span> Hamngatan 5<\/span><\/p>\n<p><span>456 50 Sm\u00f6gen, Sverige<\/span><\/p>[\/et_pb_text][\/et_pb_column][\/et_pb_row][\/et_pb_section]\n","protected":false},"excerpt":{"rendered":"<p>Would you like to get in touch with us at R\u00f6ssy Chapel and talk about a new spray hood for your Hallberg Rassy, Najad or other boat model?<\/p>\n","protected":false},"author":1,"featured_media":838,"parent":0,"menu_order":0,"comment_status":"closed","ping_status":"closed","template":"","meta":{"_et_pb_use_builder":"on","_et_pb_old_content":"","_et_gb_content_width":"","footnotes":""},"class_list":["post-878","page","type-page","status-publish","has-post-thumbnail","hentry"],"yoast_head":"<!-- This site is optimized with the Yoast SEO plugin v27.4 - https:\/\/yoast.com\/product\/yoast-seo-wordpress\/ -->\n<title>Contact - Engelska - R\u00f6ssy Kapell<\/title>\n<meta name=\"description\" content=\"Would you like to get in touch with us at R\u00f6ssy Chapel and talk about a new spray hood for your Hallberg Rassy, Najad or other boat model?\" \/>\n<meta name=\"robots\" content=\"index, follow, max-snippet:-1, max-image-preview:large, max-video-preview:-1\" \/>\n<link rel=\"canonical\" href=\"https:\/\/rossykapell.com\/?page_id=878&lang=en\" \/>\n<meta property=\"og:locale\" content=\"sv_SE\" \/>\n<meta property=\"og:type\" content=\"article\" \/>\n<meta property=\"og:title\" content=\"Contact - Engelska - R\u00f6ssy Kapell\" \/>\n<meta property=\"og:description\" content=\"Would you like to get in touch with us at R\u00f6ssy Chapel and talk about a new spray hood for your Hallberg Rassy, Najad or other boat model?\" \/>\n<meta property=\"og:url\" content=\"https:\/\/rossykapell.com\/?page_id=878&amp;lang=en\" \/>\n<meta property=\"og:site_name\" content=\"R\u00f6ssy Kapell\" \/>\n<meta property=\"article:publisher\" content=\"https:\/\/www.facebook.com\/rossykapell.smogen\" \/>\n<meta property=\"article:modified_time\" content=\"2023-11-27T09:48:09+00:00\" \/>\n<meta property=\"og:image\" content=\"https:\/\/rossykapell.com\/wp-content\/uploads\/2023\/09\/Rossy-Kapell-sept-2023-68-kopia.jpg\" \/>\n\t<meta property=\"og:image:width\" content=\"1360\" \/>\n\t<meta property=\"og:image:height\" content=\"1360\" \/>\n\t<meta property=\"og:image:type\" content=\"image\/jpeg\" \/>\n<meta name=\"twitter:card\" content=\"summary_large_image\" \/>\n<meta name=\"twitter:label1\" content=\"Ber\u00e4knad l\u00e4stid\" \/>\n\t<meta name=\"twitter:data1\" content=\"3 minuter\" \/>\n<script type=\"application\/ld+json\" class=\"yoast-schema-graph\">{\"@context\":\"https:\\\/\\\/schema.org\",\"@graph\":[{\"@type\":\"WebPage\",\"@id\":\"https:\\\/\\\/rossykapell.com\\\/?page_id=878&lang=en\",\"url\":\"https:\\\/\\\/rossykapell.com\\\/?page_id=878&lang=en\",\"name\":\"Contact - Engelska - R\u00f6ssy Kapell\",\"isPartOf\":{\"@id\":\"https:\\\/\\\/rossykapell.com\\\/#website\"},\"primaryImageOfPage\":{\"@id\":\"https:\\\/\\\/rossykapell.com\\\/?page_id=878&lang=en#primaryimage\"},\"image\":{\"@id\":\"https:\\\/\\\/rossykapell.com\\\/?page_id=878&lang=en#primaryimage\"},\"thumbnailUrl\":\"https:\\\/\\\/rossykapell.com\\\/wp-content\\\/uploads\\\/2023\\\/09\\\/Rossy-Kapell-sept-2023-68-kopia.jpg\",\"datePublished\":\"2023-11-27T08:51:28+00:00\",\"dateModified\":\"2023-11-27T09:48:09+00:00\",\"description\":\"Would you like to get in touch with us at R\u00f6ssy Chapel and talk about a new spray hood for your Hallberg Rassy, Najad or other boat model?\",\"breadcrumb\":{\"@id\":\"https:\\\/\\\/rossykapell.com\\\/?page_id=878&lang=en#breadcrumb\"},\"inLanguage\":\"sv-SE\",\"potentialAction\":[{\"@type\":\"ReadAction\",\"target\":[\"https:\\\/\\\/rossykapell.com\\\/?page_id=878&lang=en\"]}]},{\"@type\":\"ImageObject\",\"inLanguage\":\"sv-SE\",\"@id\":\"https:\\\/\\\/rossykapell.com\\\/?page_id=878&lang=en#primaryimage\",\"url\":\"https:\\\/\\\/rossykapell.com\\\/wp-content\\\/uploads\\\/2023\\\/09\\\/Rossy-Kapell-sept-2023-68-kopia.jpg\",\"contentUrl\":\"https:\\\/\\\/rossykapell.com\\\/wp-content\\\/uploads\\\/2023\\\/09\\\/Rossy-Kapell-sept-2023-68-kopia.jpg\",\"width\":1360,\"height\":1360},{\"@type\":\"BreadcrumbList\",\"@id\":\"https:\\\/\\\/rossykapell.com\\\/?page_id=878&lang=en#breadcrumb\",\"itemListElement\":[{\"@type\":\"ListItem\",\"position\":1,\"name\":\"Hem\",\"item\":\"https:\\\/\\\/rossykapell.com\\\/\"},{\"@type\":\"ListItem\",\"position\":2,\"name\":\"Contact &#8211; Engelska\"}]},{\"@type\":\"WebSite\",\"@id\":\"https:\\\/\\\/rossykapell.com\\\/#website\",\"url\":\"https:\\\/\\\/rossykapell.com\\\/\",\"name\":\"R\u00f6ssy Kapell - Kapell till Hallberg Rassy\",\"description\":\"Din kapellverkstad p\u00e5 Sm\u00f6gen\",\"publisher\":{\"@id\":\"https:\\\/\\\/rossykapell.com\\\/#organization\"},\"potentialAction\":[{\"@type\":\"SearchAction\",\"target\":{\"@type\":\"EntryPoint\",\"urlTemplate\":\"https:\\\/\\\/rossykapell.com\\\/?s={search_term_string}\"},\"query-input\":{\"@type\":\"PropertyValueSpecification\",\"valueRequired\":true,\"valueName\":\"search_term_string\"}}],\"inLanguage\":\"sv-SE\"},{\"@type\":\"Organization\",\"@id\":\"https:\\\/\\\/rossykapell.com\\\/#organization\",\"name\":\"R\u00f6ssy Kapell - Kapell till Hallberg Rassy\",\"url\":\"https:\\\/\\\/rossykapell.com\\\/\",\"logo\":{\"@type\":\"ImageObject\",\"inLanguage\":\"sv-SE\",\"@id\":\"https:\\\/\\\/rossykapell.com\\\/#\\\/schema\\\/logo\\\/image\\\/\",\"url\":\"https:\\\/\\\/rossykapell.com\\\/wp-content\\\/uploads\\\/2023\\\/03\\\/Webbplatsikon.png\",\"contentUrl\":\"https:\\\/\\\/rossykapell.com\\\/wp-content\\\/uploads\\\/2023\\\/03\\\/Webbplatsikon.png\",\"width\":500,\"height\":500,\"caption\":\"R\u00f6ssy Kapell - Kapell till Hallberg Rassy\"},\"image\":{\"@id\":\"https:\\\/\\\/rossykapell.com\\\/#\\\/schema\\\/logo\\\/image\\\/\"},\"sameAs\":[\"https:\\\/\\\/www.facebook.com\\\/rossykapell.smogen\",\"https:\\\/\\\/www.instagram.com\\\/rossykapellabsmogen\"]}]}<\/script>\n<!-- \/ Yoast SEO plugin. -->","yoast_head_json":{"title":"Contact - Engelska - R\u00f6ssy Kapell","description":"Would you like to get in touch with us at R\u00f6ssy Chapel and talk about a new spray hood for your Hallberg Rassy, Najad or other boat model?","robots":{"index":"index","follow":"follow","max-snippet":"max-snippet:-1","max-image-preview":"max-image-preview:large","max-video-preview":"max-video-preview:-1"},"canonical":"https:\/\/rossykapell.com\/?page_id=878&lang=en","og_locale":"sv_SE","og_type":"article","og_title":"Contact - Engelska - R\u00f6ssy Kapell","og_description":"Would you like to get in touch with us at R\u00f6ssy Chapel and talk about a new spray hood for your Hallberg Rassy, Najad or other boat model?","og_url":"https:\/\/rossykapell.com\/?page_id=878&lang=en","og_site_name":"R\u00f6ssy Kapell","article_publisher":"https:\/\/www.facebook.com\/rossykapell.smogen","article_modified_time":"2023-11-27T09:48:09+00:00","og_image":[{"width":1360,"height":1360,"url":"https:\/\/rossykapell.com\/wp-content\/uploads\/2023\/09\/Rossy-Kapell-sept-2023-68-kopia.jpg","type":"image\/jpeg"}],"twitter_card":"summary_large_image","twitter_misc":{"Ber\u00e4knad l\u00e4stid":"3 minuter"},"schema":{"@context":"https:\/\/schema.org","@graph":[{"@type":"WebPage","@id":"https:\/\/rossykapell.com\/?page_id=878&lang=en","url":"https:\/\/rossykapell.com\/?page_id=878&lang=en","name":"Contact - Engelska - R\u00f6ssy Kapell","isPartOf":{"@id":"https:\/\/rossykapell.com\/#website"},"primaryImageOfPage":{"@id":"https:\/\/rossykapell.com\/?page_id=878&lang=en#primaryimage"},"image":{"@id":"https:\/\/rossykapell.com\/?page_id=878&lang=en#primaryimage"},"thumbnailUrl":"https:\/\/rossykapell.com\/wp-content\/uploads\/2023\/09\/Rossy-Kapell-sept-2023-68-kopia.jpg","datePublished":"2023-11-27T08:51:28+00:00","dateModified":"2023-11-27T09:48:09+00:00","description":"Would you like to get in touch with us at R\u00f6ssy Chapel and talk about a new spray hood for your Hallberg Rassy, Najad or other boat model?","breadcrumb":{"@id":"https:\/\/rossykapell.com\/?page_id=878&lang=en#breadcrumb"},"inLanguage":"sv-SE","potentialAction":[{"@type":"ReadAction","target":["https:\/\/rossykapell.com\/?page_id=878&lang=en"]}]},{"@type":"ImageObject","inLanguage":"sv-SE","@id":"https:\/\/rossykapell.com\/?page_id=878&lang=en#primaryimage","url":"https:\/\/rossykapell.com\/wp-content\/uploads\/2023\/09\/Rossy-Kapell-sept-2023-68-kopia.jpg","contentUrl":"https:\/\/rossykapell.com\/wp-content\/uploads\/2023\/09\/Rossy-Kapell-sept-2023-68-kopia.jpg","width":1360,"height":1360},{"@type":"BreadcrumbList","@id":"https:\/\/rossykapell.com\/?page_id=878&lang=en#breadcrumb","itemListElement":[{"@type":"ListItem","position":1,"name":"Hem","item":"https:\/\/rossykapell.com\/"},{"@type":"ListItem","position":2,"name":"Contact &#8211; Engelska"}]},{"@type":"WebSite","@id":"https:\/\/rossykapell.com\/#website","url":"https:\/\/rossykapell.com\/","name":"R\u00f6ssy Kapell - Kapell till Hallberg Rassy","description":"Din kapellverkstad p\u00e5 Sm\u00f6gen","publisher":{"@id":"https:\/\/rossykapell.com\/#organization"},"potentialAction":[{"@type":"SearchAction","target":{"@type":"EntryPoint","urlTemplate":"https:\/\/rossykapell.com\/?s={search_term_string}"},"query-input":{"@type":"PropertyValueSpecification","valueRequired":true,"valueName":"search_term_string"}}],"inLanguage":"sv-SE"},{"@type":"Organization","@id":"https:\/\/rossykapell.com\/#organization","name":"R\u00f6ssy Kapell - Kapell till Hallberg Rassy","url":"https:\/\/rossykapell.com\/","logo":{"@type":"ImageObject","inLanguage":"sv-SE","@id":"https:\/\/rossykapell.com\/#\/schema\/logo\/image\/","url":"https:\/\/rossykapell.com\/wp-content\/uploads\/2023\/03\/Webbplatsikon.png","contentUrl":"https:\/\/rossykapell.com\/wp-content\/uploads\/2023\/03\/Webbplatsikon.png","width":500,"height":500,"caption":"R\u00f6ssy Kapell - Kapell till Hallberg Rassy"},"image":{"@id":"https:\/\/rossykapell.com\/#\/schema\/logo\/image\/"},"sameAs":["https:\/\/www.facebook.com\/rossykapell.smogen","https:\/\/www.instagram.com\/rossykapellabsmogen"]}]}},"_links":{"self":[{"href":"https:\/\/rossykapell.com\/index.php?rest_route=\/wp\/v2\/pages\/878","targetHints":{"allow":["GET"]}}],"collection":[{"href":"https:\/\/rossykapell.com\/index.php?rest_route=\/wp\/v2\/pages"}],"about":[{"href":"https:\/\/rossykapell.com\/index.php?rest_route=\/wp\/v2\/types\/page"}],"author":[{"embeddable":true,"href":"https:\/\/rossykapell.com\/index.php?rest_route=\/wp\/v2\/users\/1"}],"replies":[{"embeddable":true,"href":"https:\/\/rossykapell.com\/index.php?rest_route=%2Fwp%2Fv2%2Fcomments&post=878"}],"version-history":[{"count":4,"href":"https:\/\/rossykapell.com\/index.php?rest_route=\/wp\/v2\/pages\/878\/revisions"}],"predecessor-version":[{"id":926,"href":"https:\/\/rossykapell.com\/index.php?rest_route=\/wp\/v2\/pages\/878\/revisions\/926"}],"wp:featuredmedia":[{"embeddable":true,"href":"https:\/\/rossykapell.com\/index.php?rest_route=\/wp\/v2\/media\/838"}],"wp:attachment":[{"href":"https:\/\/rossykapell.com\/index.php?rest_route=%2Fwp%2Fv2%2Fmedia&parent=878"}],"curies":[{"name":"wp","href":"https:\/\/api.w.org\/{rel}","templated":true}]}}