{"id":875,"date":"2023-11-27T08:51:04","date_gmt":"2023-11-27T08:51:04","guid":{"rendered":"https:\/\/rossykapell.com\/?page_id=875"},"modified":"2023-12-18T09:02:16","modified_gmt":"2023-12-18T09:02:16","slug":"pictures","status":"publish","type":"page","link":"https:\/\/rossykapell.com\/?page_id=875&lang=en","title":{"rendered":"Pictures &#8211; Engelska"},"content":{"rendered":"<p>[et_pb_section fb_built=&#8221;1&#8243; custom_padding_last_edited=&#8221;on|desktop&#8221; _builder_version=&#8221;4.20.2&#8243; _module_preset=&#8221;default&#8221; background_enable_color=&#8221;off&#8221; use_background_color_gradient=&#8221;on&#8221; background_color_gradient_stops=&#8221;rgba(12,12,12,0.34) 0%|rgba(255,255,255,0.53) 100%&#8221; background_color_gradient_overlays_image=&#8221;on&#8221; background_image=&#8221;https:\/\/rossykapell.com\/wp-content\/uploads\/2023\/03\/Rossy-Kapell-39-1.jpg&#8221; background_position=&#8221;bottom_center&#8221; background_vertical_offset=&#8221;27%&#8221; width_tablet=&#8221;&#8221; width_phone=&#8221;&#8221; width_last_edited=&#8221;on|phone&#8221; max_width_tablet=&#8221;&#8221; max_width_phone=&#8221;100%&#8221; max_width_last_edited=&#8221;on|phone&#8221; min_height_tablet=&#8221;&#8221; min_height_phone=&#8221;400px&#8221; min_height_last_edited=&#8221;on|phone&#8221; height_tablet=&#8221;&#8221; height_phone=&#8221;400px&#8221; height_last_edited=&#8221;on|phone&#8221; max_height_tablet=&#8221;&#8221; max_height_phone=&#8221;400px&#8221; max_height_last_edited=&#8221;on|phone&#8221; custom_padding=&#8221;531px||222px|0px|false|false&#8221; custom_padding_tablet=&#8221;531px||222px|0px|false|false&#8221; custom_padding_phone=&#8221;0px||0px|0px|false|false&#8221; background_last_edited=&#8221;on|phone&#8221; global_colors_info=&#8221;{}&#8221;][\/et_pb_section][et_pb_section fb_built=&#8221;1&#8243; admin_label=&#8221;Packages&#8221; _builder_version=&#8221;4.19.2&#8243; _module_preset=&#8221;default&#8221; custom_margin=&#8221;-27px||-55px|||&#8221; collapsed=&#8221;on&#8221; global_colors_info=&#8221;{}&#8221;][et_pb_row _builder_version=&#8221;4.19.5&#8243; _module_preset=&#8221;default&#8221; custom_margin=&#8221;-27px|auto||auto||&#8221; custom_padding=&#8221;0px|||||&#8221; global_colors_info=&#8221;{}&#8221;][et_pb_column type=&#8221;4_4&#8243; _builder_version=&#8221;4.19.2&#8243; _module_preset=&#8221;default&#8221; global_colors_info=&#8221;{}&#8221;][et_pb_text _builder_version=&#8221;4.20.2&#8243; _module_preset=&#8221;9a713dfb-82a9-442a-b4e3-235d60aab829&#8243; header_text_align=&#8221;left&#8221; header_text_color=&#8221;#907142&#8243; header_font_size=&#8221;60px&#8221; text_orientation=&#8221;center&#8221; custom_margin=&#8221;13px|||||&#8221; custom_padding=&#8221;0px|||||&#8221; header_font_size_tablet=&#8221;60px&#8221; header_font_size_phone=&#8221;36px&#8221; header_font_size_last_edited=&#8221;on|phone&#8221; global_colors_info=&#8221;{}&#8221; header_font_size__hover_enabled=&#8221;on|desktop&#8221; header_font_size__hover=&#8221;60px&#8221;]<\/p>\n<h1>Specially for you, my friend!<\/h1>\n<p>[\/et_pb_text][et_pb_text _builder_version=&#8221;4.20.2&#8243; _module_preset=&#8221;default&#8221; global_colors_info=&#8221;{}&#8221;]<\/p>\n<p>All our customers are unique, we all live our own boating lives and everyone has their own wishes for how they want their canopy to be designed, how their lazy bags are to be sewn or where they want a little extra protection from the wind. We have made thousands of unique solutions and most likely we have already sewn something similar to what you imagined. We also probably have solutions to problems you didn&#8217;t even know you wanted to solve!<\/p>\n<p>[\/et_pb_text][\/et_pb_column][\/et_pb_row][et_pb_row _builder_version=&#8221;4.19.5&#8243; _module_preset=&#8221;default&#8221; custom_padding=&#8221;||23px|||&#8221; locked=&#8221;off&#8221; global_colors_info=&#8221;{}&#8221;][et_pb_column type=&#8221;4_4&#8243; _builder_version=&#8221;4.19.2&#8243; _module_preset=&#8221;default&#8221; global_colors_info=&#8221;{}&#8221;][et_pb_divider divider_weight=&#8221;0px&#8221; admin_label=&#8221;Divider&#8221; _builder_version=&#8221;4.19.5&#8243; _module_preset=&#8221;default&#8221; background_enable_color=&#8221;off&#8221; transform_rotate=&#8221;0deg|0deg|45deg&#8221; width=&#8221;16px&#8221; module_alignment=&#8221;right&#8221; height=&#8221;16px&#8221; border_width_all=&#8221;1px&#8221; border_color_all=&#8221;#907142&#8243; locked=&#8221;off&#8221; global_colors_info=&#8221;{%22gcid-bcaadbcc-b437-4ff5-a307-9ccbdfaf81c2%22:%91%22background_color%22%93}&#8221;][\/et_pb_divider][et_pb_divider color=&#8221;gcid-c014c61d-bd0d-4758-94d6-03ea820d0d59&#8243; divider_position=&#8221;center&#8221; _builder_version=&#8221;4.19.5&#8243; _module_preset=&#8221;default&#8221; z_index=&#8221;-1&#8243; custom_margin=&#8221;-51px|20px|-20px|20px|false|true&#8221; locked=&#8221;off&#8221; global_colors_info=&#8221;{%22gcid-c014c61d-bd0d-4758-94d6-03ea820d0d59%22:%91%22color%22%93}&#8221;][\/et_pb_divider][et_pb_divider divider_weight=&#8221;0px&#8221; admin_label=&#8221;Divider&#8221; _builder_version=&#8221;4.19.5&#8243; _module_preset=&#8221;default&#8221; background_enable_color=&#8221;off&#8221; transform_rotate=&#8221;0deg|0deg|45deg&#8221; z_index=&#8221;10&#8243; width=&#8221;16px&#8221; height=&#8221;16px&#8221; border_width_all=&#8221;1px&#8221; border_color_all=&#8221;#907142&#8243; locked=&#8221;off&#8221; global_colors_info=&#8221;{%22gcid-bcaadbcc-b437-4ff5-a307-9ccbdfaf81c2%22:%91%22background_color%22%93}&#8221;][\/et_pb_divider][\/et_pb_column][\/et_pb_row][et_pb_row _builder_version=&#8221;4.20.1&#8243; _module_preset=&#8221;default&#8221; custom_padding=&#8221;0px|||||&#8221; global_colors_info=&#8221;{}&#8221;][et_pb_column type=&#8221;4_4&#8243; _builder_version=&#8221;4.19.2&#8243; _module_preset=&#8221;default&#8221; global_colors_info=&#8221;{}&#8221;][et_pb_text _builder_version=&#8221;4.19.2&#8243; _module_preset=&#8221;08b4f290-730e-45d9-a37a-d0bc76576c77&#8243; global_colors_info=&#8221;{}&#8221;][\/et_pb_text][et_pb_text _builder_version=&#8221;4.20.2&#8243; _module_preset=&#8221;68384860-6d2e-4944-b764-6bffe9ae46b7&#8243; header_2_font_size=&#8221;45px&#8221; header_2_font_size_tablet=&#8221;45px&#8221; header_2_font_size_phone=&#8221;22px&#8221; header_2_font_size_last_edited=&#8221;on|phone&#8221; global_colors_info=&#8221;{}&#8221;]<\/p>\n<h2>Here we show a selection of specially adapted solutions that we have made for others. Maybe you can get inspiration for your own solutions?<\/h2>\n<p>[\/et_pb_text][dmg_masonry_gallery gallery_mode=&#8221;minimized&#8221; gallery_minimized_limit=&#8221;24&#8243; gallery_minimized_text=&#8221;Klicka f\u00f6r att se \u00e4nnu flera bilder!&#8221; gallery=&#8221;522,521,518,517,516,514,513,512,511,509,28,508,507,506,505,504,503,502,501,499,497,496,495,494,493,492,491,490,489,488,487,486,485,484,483,482,481,480,479,478,477,476,475,474,473,472,471,470,469,468,467,466,465,464,463,462,461,460,459,458,457,456,455,454,453,452,451,450,449,448,447,446,444,443,441,440,439,438,437,436,435,434,433,432,431,430,429,428,427,426,425,424,423,422,421,420,419,418,417,415,414,413,412,411,410,409,408,407,406,405,403,402,401,400,399,398,397,396,394,393,392,391,390,389,388,387,386,385,384,383,382,381,380,379,378,377,376,375,374,373,371,370,369,368,367,366,365,364,363,362,361,360,359,358,357,356,355,354,353,352,351,350,349,348,345,344,343,342,341,339,338,337,336,335,334,332,331,330,329,328,327,326,325,324,323,322,321,320,319,318,317,316,314,767&#8243; gutter=&#8221;6&#8243; _builder_version=&#8221;4.23.1&#8243; _module_preset=&#8221;default&#8221; gallery_minimized_text_font_size=&#8221;15px&#8221; hover_enabled=&#8221;0&#8243; gallery_minimized_text_text_color_tablet=&#8221;&#8221; gallery_minimized_text_text_color_phone=&#8221;&#8221; gallery_minimized_text_text_color_last_edited=&#8221;on|phone&#8221; global_colors_info=&#8221;{}&#8221; sticky_enabled=&#8221;0&#8243;][\/dmg_masonry_gallery][\/et_pb_column][\/et_pb_row][et_pb_row _builder_version=&#8221;4.20.1&#8243; _module_preset=&#8221;default&#8221; min_height=&#8221;31.8px&#8221; custom_margin=&#8221;-44px|auto|-17px|auto|false|false&#8221; custom_margin_tablet=&#8221;-44px|auto|-17px|auto|false|false&#8221; custom_margin_phone=&#8221;-50px||0px||false|false&#8221; custom_margin_last_edited=&#8221;on|phone&#8221; custom_padding=&#8221;0px||0px||false|false&#8221; global_colors_info=&#8221;{}&#8221;][et_pb_column type=&#8221;4_4&#8243; _builder_version=&#8221;4.19.2&#8243; _module_preset=&#8221;default&#8221; global_colors_info=&#8221;{}&#8221;][\/et_pb_column][\/et_pb_row][\/et_pb_section][et_pb_section fb_built=&#8221;1&#8243; admin_label=&#8221;About&#8221; _builder_version=&#8221;4.20.2&#8243; _module_preset=&#8221;default&#8221; background_color=&#8221;RGBA(255,255,255,0)&#8221; background_image=&#8221;https:\/\/ny.rossykapell.com\/wp-content\/uploads\/2023\/03\/Alteration-shop-5.png&#8221; background_size=&#8221;custom&#8221; background_image_width=&#8221;20%&#8221; background_position=&#8221;bottom_left&#8221; background_horizontal_offset=&#8221;-8%&#8221; background_vertical_offset=&#8221;20px&#8221; custom_margin=&#8221;-15px|||||&#8221; locked=&#8221;off&#8221; collapsed=&#8221;on&#8221; global_colors_info=&#8221;{}&#8221;][et_pb_row _builder_version=&#8221;4.20.1&#8243; _module_preset=&#8221;default&#8221; min_height=&#8221;52px&#8221; custom_padding=&#8221;0px||0px||false|false&#8221; global_colors_info=&#8221;{}&#8221;][et_pb_column type=&#8221;4_4&#8243; _builder_version=&#8221;4.20.1&#8243; _module_preset=&#8221;default&#8221; global_colors_info=&#8221;{}&#8221;][et_pb_text _builder_version=&#8221;4.20.2&#8243; _module_preset=&#8221;68384860-6d2e-4944-b764-6bffe9ae46b7&#8243; header_2_text_color=&#8221;#907142&#8243; header_2_font_size=&#8221;27px&#8221; header_2_font_size_tablet=&#8221;45px&#8221; header_2_font_size_phone=&#8221;19px&#8221; header_2_font_size_last_edited=&#8221;on|phone&#8221; global_colors_info=&#8221;{}&#8221;]<\/p>\n<h2>And for those of you who are also interested in beautiful pictures, nice boats and lovely environments; click through this gallery too:<\/h2>\n<p>[\/et_pb_text][dmg_masonry_gallery gallery_mode=&#8221;minimized&#8221; gallery_minimized_limit=&#8221;13&#8243; gallery_minimized_text=&#8221;Click for even more pictures!&#8221; gallery=&#8221;772,773,775,776,777,778,779,780,781,782,783,784,785,786,787,788,789,790,791,792,793,794,795,796,797,798,799,800,801,802,803&#8243; gutter=&#8221;6&#8243; _builder_version=&#8221;4.23.1&#8243; _module_preset=&#8221;default&#8221; gallery_minimized_text_font_size_tablet=&#8221;&#8221; gallery_minimized_text_font_size_phone=&#8221;14px&#8221; gallery_minimized_text_font_size_last_edited=&#8221;on|phone&#8221; global_colors_info=&#8221;{}&#8221;][\/dmg_masonry_gallery][\/et_pb_column][\/et_pb_row][\/et_pb_section]<\/p>\n","protected":false},"excerpt":{"rendered":"<p>We have made many spray hoods and canopies for Hallberg Rassy, Najad and other models. Here you can see a small selection we have produced in our workshop in Sm\u00f6gen.<\/p>\n","protected":false},"author":1,"featured_media":795,"parent":0,"menu_order":0,"comment_status":"closed","ping_status":"closed","template":"","meta":{"_et_pb_use_builder":"on","_et_pb_old_content":"","_et_gb_content_width":"","footnotes":""},"class_list":["post-875","page","type-page","status-publish","has-post-thumbnail","hentry"],"yoast_head":"<!-- This site is optimized with the Yoast SEO plugin v27.4 - https:\/\/yoast.com\/product\/yoast-seo-wordpress\/ -->\n<title>Pictures - Engelska - R\u00f6ssy Kapell<\/title>\n<meta name=\"description\" content=\"We have made many spray hoods and canopies for Hallberg Rassy, Najad and other models. Here you can see a small selection we have produced in our workshop in Sm\u00f6gen.\" \/>\n<meta name=\"robots\" content=\"index, follow, max-snippet:-1, max-image-preview:large, max-video-preview:-1\" \/>\n<link rel=\"canonical\" href=\"https:\/\/rossykapell.com\/?page_id=875&lang=en\" \/>\n<meta property=\"og:locale\" content=\"sv_SE\" \/>\n<meta property=\"og:type\" content=\"article\" \/>\n<meta property=\"og:title\" content=\"Pictures - Engelska - R\u00f6ssy Kapell\" \/>\n<meta property=\"og:description\" content=\"We have made many spray hoods and canopies for Hallberg Rassy, Najad and other models. Here you can see a small selection we have produced in our workshop in Sm\u00f6gen.\" \/>\n<meta property=\"og:url\" content=\"https:\/\/rossykapell.com\/?page_id=875&amp;lang=en\" \/>\n<meta property=\"og:site_name\" content=\"R\u00f6ssy Kapell\" \/>\n<meta property=\"article:publisher\" content=\"https:\/\/www.facebook.com\/rossykapell.smogen\" \/>\n<meta property=\"article:modified_time\" content=\"2023-12-18T09:02:16+00:00\" \/>\n<meta property=\"og:image\" content=\"https:\/\/rossykapell.com\/wp-content\/uploads\/2023\/03\/Snyggbilder-till-sociala-medier16.jpeg\" \/>\n\t<meta property=\"og:image:width\" content=\"1200\" \/>\n\t<meta property=\"og:image:height\" content=\"900\" \/>\n\t<meta property=\"og:image:type\" content=\"image\/jpeg\" \/>\n<meta name=\"twitter:card\" content=\"summary_large_image\" \/>\n<meta name=\"twitter:label1\" content=\"Ber\u00e4knad l\u00e4stid\" \/>\n\t<meta name=\"twitter:data1\" content=\"2 minuter\" \/>\n<script type=\"application\/ld+json\" class=\"yoast-schema-graph\">{\"@context\":\"https:\\\/\\\/schema.org\",\"@graph\":[{\"@type\":\"WebPage\",\"@id\":\"https:\\\/\\\/rossykapell.com\\\/?page_id=875&lang=en\",\"url\":\"https:\\\/\\\/rossykapell.com\\\/?page_id=875&lang=en\",\"name\":\"Pictures - Engelska - R\u00f6ssy Kapell\",\"isPartOf\":{\"@id\":\"https:\\\/\\\/rossykapell.com\\\/#website\"},\"primaryImageOfPage\":{\"@id\":\"https:\\\/\\\/rossykapell.com\\\/?page_id=875&lang=en#primaryimage\"},\"image\":{\"@id\":\"https:\\\/\\\/rossykapell.com\\\/?page_id=875&lang=en#primaryimage\"},\"thumbnailUrl\":\"https:\\\/\\\/rossykapell.com\\\/wp-content\\\/uploads\\\/2023\\\/03\\\/Snyggbilder-till-sociala-medier16.jpeg\",\"datePublished\":\"2023-11-27T08:51:04+00:00\",\"dateModified\":\"2023-12-18T09:02:16+00:00\",\"description\":\"We have made many spray hoods and canopies for Hallberg Rassy, Najad and other models. Here you can see a small selection we have produced in our workshop in Sm\u00f6gen.\",\"breadcrumb\":{\"@id\":\"https:\\\/\\\/rossykapell.com\\\/?page_id=875&lang=en#breadcrumb\"},\"inLanguage\":\"sv-SE\",\"potentialAction\":[{\"@type\":\"ReadAction\",\"target\":[\"https:\\\/\\\/rossykapell.com\\\/?page_id=875&lang=en\"]}]},{\"@type\":\"ImageObject\",\"inLanguage\":\"sv-SE\",\"@id\":\"https:\\\/\\\/rossykapell.com\\\/?page_id=875&lang=en#primaryimage\",\"url\":\"https:\\\/\\\/rossykapell.com\\\/wp-content\\\/uploads\\\/2023\\\/03\\\/Snyggbilder-till-sociala-medier16.jpeg\",\"contentUrl\":\"https:\\\/\\\/rossykapell.com\\\/wp-content\\\/uploads\\\/2023\\\/03\\\/Snyggbilder-till-sociala-medier16.jpeg\",\"width\":1200,\"height\":900},{\"@type\":\"BreadcrumbList\",\"@id\":\"https:\\\/\\\/rossykapell.com\\\/?page_id=875&lang=en#breadcrumb\",\"itemListElement\":[{\"@type\":\"ListItem\",\"position\":1,\"name\":\"Hem\",\"item\":\"https:\\\/\\\/rossykapell.com\\\/\"},{\"@type\":\"ListItem\",\"position\":2,\"name\":\"Pictures &#8211; Engelska\"}]},{\"@type\":\"WebSite\",\"@id\":\"https:\\\/\\\/rossykapell.com\\\/#website\",\"url\":\"https:\\\/\\\/rossykapell.com\\\/\",\"name\":\"R\u00f6ssy Kapell - Kapell till Hallberg Rassy\",\"description\":\"Din kapellverkstad p\u00e5 Sm\u00f6gen\",\"publisher\":{\"@id\":\"https:\\\/\\\/rossykapell.com\\\/#organization\"},\"potentialAction\":[{\"@type\":\"SearchAction\",\"target\":{\"@type\":\"EntryPoint\",\"urlTemplate\":\"https:\\\/\\\/rossykapell.com\\\/?s={search_term_string}\"},\"query-input\":{\"@type\":\"PropertyValueSpecification\",\"valueRequired\":true,\"valueName\":\"search_term_string\"}}],\"inLanguage\":\"sv-SE\"},{\"@type\":\"Organization\",\"@id\":\"https:\\\/\\\/rossykapell.com\\\/#organization\",\"name\":\"R\u00f6ssy Kapell - Kapell till Hallberg Rassy\",\"url\":\"https:\\\/\\\/rossykapell.com\\\/\",\"logo\":{\"@type\":\"ImageObject\",\"inLanguage\":\"sv-SE\",\"@id\":\"https:\\\/\\\/rossykapell.com\\\/#\\\/schema\\\/logo\\\/image\\\/\",\"url\":\"https:\\\/\\\/rossykapell.com\\\/wp-content\\\/uploads\\\/2023\\\/03\\\/Webbplatsikon.png\",\"contentUrl\":\"https:\\\/\\\/rossykapell.com\\\/wp-content\\\/uploads\\\/2023\\\/03\\\/Webbplatsikon.png\",\"width\":500,\"height\":500,\"caption\":\"R\u00f6ssy Kapell - Kapell till Hallberg Rassy\"},\"image\":{\"@id\":\"https:\\\/\\\/rossykapell.com\\\/#\\\/schema\\\/logo\\\/image\\\/\"},\"sameAs\":[\"https:\\\/\\\/www.facebook.com\\\/rossykapell.smogen\",\"https:\\\/\\\/www.instagram.com\\\/rossykapellabsmogen\"]}]}<\/script>\n<!-- \/ Yoast SEO plugin. -->","yoast_head_json":{"title":"Pictures - Engelska - R\u00f6ssy Kapell","description":"We have made many spray hoods and canopies for Hallberg Rassy, Najad and other models. Here you can see a small selection we have produced in our workshop in Sm\u00f6gen.","robots":{"index":"index","follow":"follow","max-snippet":"max-snippet:-1","max-image-preview":"max-image-preview:large","max-video-preview":"max-video-preview:-1"},"canonical":"https:\/\/rossykapell.com\/?page_id=875&lang=en","og_locale":"sv_SE","og_type":"article","og_title":"Pictures - Engelska - R\u00f6ssy Kapell","og_description":"We have made many spray hoods and canopies for Hallberg Rassy, Najad and other models. Here you can see a small selection we have produced in our workshop in Sm\u00f6gen.","og_url":"https:\/\/rossykapell.com\/?page_id=875&lang=en","og_site_name":"R\u00f6ssy Kapell","article_publisher":"https:\/\/www.facebook.com\/rossykapell.smogen","article_modified_time":"2023-12-18T09:02:16+00:00","og_image":[{"width":1200,"height":900,"url":"https:\/\/rossykapell.com\/wp-content\/uploads\/2023\/03\/Snyggbilder-till-sociala-medier16.jpeg","type":"image\/jpeg"}],"twitter_card":"summary_large_image","twitter_misc":{"Ber\u00e4knad l\u00e4stid":"2 minuter"},"schema":{"@context":"https:\/\/schema.org","@graph":[{"@type":"WebPage","@id":"https:\/\/rossykapell.com\/?page_id=875&lang=en","url":"https:\/\/rossykapell.com\/?page_id=875&lang=en","name":"Pictures - Engelska - R\u00f6ssy Kapell","isPartOf":{"@id":"https:\/\/rossykapell.com\/#website"},"primaryImageOfPage":{"@id":"https:\/\/rossykapell.com\/?page_id=875&lang=en#primaryimage"},"image":{"@id":"https:\/\/rossykapell.com\/?page_id=875&lang=en#primaryimage"},"thumbnailUrl":"https:\/\/rossykapell.com\/wp-content\/uploads\/2023\/03\/Snyggbilder-till-sociala-medier16.jpeg","datePublished":"2023-11-27T08:51:04+00:00","dateModified":"2023-12-18T09:02:16+00:00","description":"We have made many spray hoods and canopies for Hallberg Rassy, Najad and other models. Here you can see a small selection we have produced in our workshop in Sm\u00f6gen.","breadcrumb":{"@id":"https:\/\/rossykapell.com\/?page_id=875&lang=en#breadcrumb"},"inLanguage":"sv-SE","potentialAction":[{"@type":"ReadAction","target":["https:\/\/rossykapell.com\/?page_id=875&lang=en"]}]},{"@type":"ImageObject","inLanguage":"sv-SE","@id":"https:\/\/rossykapell.com\/?page_id=875&lang=en#primaryimage","url":"https:\/\/rossykapell.com\/wp-content\/uploads\/2023\/03\/Snyggbilder-till-sociala-medier16.jpeg","contentUrl":"https:\/\/rossykapell.com\/wp-content\/uploads\/2023\/03\/Snyggbilder-till-sociala-medier16.jpeg","width":1200,"height":900},{"@type":"BreadcrumbList","@id":"https:\/\/rossykapell.com\/?page_id=875&lang=en#breadcrumb","itemListElement":[{"@type":"ListItem","position":1,"name":"Hem","item":"https:\/\/rossykapell.com\/"},{"@type":"ListItem","position":2,"name":"Pictures &#8211; Engelska"}]},{"@type":"WebSite","@id":"https:\/\/rossykapell.com\/#website","url":"https:\/\/rossykapell.com\/","name":"R\u00f6ssy Kapell - Kapell till Hallberg Rassy","description":"Din kapellverkstad p\u00e5 Sm\u00f6gen","publisher":{"@id":"https:\/\/rossykapell.com\/#organization"},"potentialAction":[{"@type":"SearchAction","target":{"@type":"EntryPoint","urlTemplate":"https:\/\/rossykapell.com\/?s={search_term_string}"},"query-input":{"@type":"PropertyValueSpecification","valueRequired":true,"valueName":"search_term_string"}}],"inLanguage":"sv-SE"},{"@type":"Organization","@id":"https:\/\/rossykapell.com\/#organization","name":"R\u00f6ssy Kapell - Kapell till Hallberg Rassy","url":"https:\/\/rossykapell.com\/","logo":{"@type":"ImageObject","inLanguage":"sv-SE","@id":"https:\/\/rossykapell.com\/#\/schema\/logo\/image\/","url":"https:\/\/rossykapell.com\/wp-content\/uploads\/2023\/03\/Webbplatsikon.png","contentUrl":"https:\/\/rossykapell.com\/wp-content\/uploads\/2023\/03\/Webbplatsikon.png","width":500,"height":500,"caption":"R\u00f6ssy Kapell - Kapell till Hallberg Rassy"},"image":{"@id":"https:\/\/rossykapell.com\/#\/schema\/logo\/image\/"},"sameAs":["https:\/\/www.facebook.com\/rossykapell.smogen","https:\/\/www.instagram.com\/rossykapellabsmogen"]}]}},"_links":{"self":[{"href":"https:\/\/rossykapell.com\/index.php?rest_route=\/wp\/v2\/pages\/875","targetHints":{"allow":["GET"]}}],"collection":[{"href":"https:\/\/rossykapell.com\/index.php?rest_route=\/wp\/v2\/pages"}],"about":[{"href":"https:\/\/rossykapell.com\/index.php?rest_route=\/wp\/v2\/types\/page"}],"author":[{"embeddable":true,"href":"https:\/\/rossykapell.com\/index.php?rest_route=\/wp\/v2\/users\/1"}],"replies":[{"embeddable":true,"href":"https:\/\/rossykapell.com\/index.php?rest_route=%2Fwp%2Fv2%2Fcomments&post=875"}],"version-history":[{"count":6,"href":"https:\/\/rossykapell.com\/index.php?rest_route=\/wp\/v2\/pages\/875\/revisions"}],"predecessor-version":[{"id":929,"href":"https:\/\/rossykapell.com\/index.php?rest_route=\/wp\/v2\/pages\/875\/revisions\/929"}],"wp:featuredmedia":[{"embeddable":true,"href":"https:\/\/rossykapell.com\/index.php?rest_route=\/wp\/v2\/media\/795"}],"wp:attachment":[{"href":"https:\/\/rossykapell.com\/index.php?rest_route=%2Fwp%2Fv2%2Fmedia&parent=875"}],"curies":[{"name":"wp","href":"https:\/\/api.w.org\/{rel}","templated":true}]}}